{"id":905,"date":"2025-08-05T10:29:33","date_gmt":"2025-08-05T10:29:33","guid":{"rendered":"https:\/\/vrbtim.com\/?page_id=905"},"modified":"2025-08-12T12:46:27","modified_gmt":"2025-08-12T12:46:27","slug":"comunicazione-con-i-tuoi-fornitori-e-clienti","status":"publish","type":"page","link":"https:\/\/vrbtim.com\/it\/comunicazione-con-i-tuoi-fornitori-e-clienti\/","title":{"rendered":"Comunicazione con i tuoi fornitori\/clienti"},"content":{"rendered":"<p>[et_pb_section fb_built=&#8220;1&#8243; next_background_color=&#8220;#000000&#8243; admin_label=&#8220;Hero&#8220; _builder_version=&#8220;4.27.4&#8243; _module_preset=&#8220;f46dce9e-ece6-431a-b0ef-4be235f55264&#8243; background_color=&#8220;#023047&#8243; bottom_divider_style=&#8220;slant&#8220; bottom_divider_height=&#8220;10vw&#8220; bottom_divider_flip=&#8220;horizontal&#8220; locked=&#8220;off&#8220; collapsed=&#8220;on&#8220; global_colors_info=&#8220;{%22gcid-36fd78a7-34bc-404d-873c-dafa34efaae5%22:%91%22colorEnd%22%93,%22#023047%22:%91%22background_color%22%93}&#8220;][et_pb_row column_structure=&#8220;1_2,1_2&#8243; _builder_version=&#8220;4.27.4&#8243; _module_preset=&#8220;_initial&#8220; locked=&#8220;off&#8220; global_colors_info=&#8220;{}&#8220;][et_pb_column type=&#8220;1_2&#8243; _builder_version=&#8220;4.27.4&#8243; _module_preset=&#8220;_initial&#8220; global_colors_info=&#8220;{}&#8220;][et_pb_heading title=&#8220;Komunikacija sa va\u0161im dobavlja\u010dima\/kupcima&#8220; _builder_version=&#8220;4.27.4&#8243; _module_preset=&#8220;c33f07d9-41e0-421a-8799-5799df695cce&#8220; title_level=&#8220;h4&#8243; title_font=&#8220;IBM Plex Sans Condensed|IBM Plex Sans Condensed_weight|||||||&#8220; title_text_color=&#8220;#FFFFFF&#8220; title_font_size=&#8220;20px&#8220; title_line_height=&#8220;1.15em&#8220; custom_margin=&#8220;|||25px|false|false&#8220; title_font_size_tablet=&#8220;40px&#8220; title_font_size_phone=&#8220;24px&#8220; title_font_size_last_edited=&#8220;on|phone&#8220; locked=&#8220;off&#8220; global_colors_info=&#8220;{}&#8220;][\/et_pb_heading][\/et_pb_column][et_pb_column type=&#8220;1_2&#8243; _builder_version=&#8220;4.27.4&#8243; _module_preset=&#8220;_initial&#8220; background_color=&#8220;#023047&#8243; global_colors_info=&#8220;{}&#8220;][et_pb_button button_url=&#8220;https:\/\/vrbtim.com\/kontakt\/&#8220; button_text=&#8220;Zaka\u017eite konsultacije&#8220; button_alignment=&#8220;right&#8220; _builder_version=&#8220;4.27.4&#8243; _module_preset=&#8220;default&#8220; background_layout=&#8220;dark&#8220; custom_margin=&#8220;|20px|||false|false&#8220; custom_padding=&#8220;||||false|false&#8220; hover_enabled=&#8220;0&#8243; global_colors_info=&#8220;{}&#8220; theme_builder_area=&#8220;post_content&#8220; sticky_enabled=&#8220;0&#8243;][\/et_pb_button][\/et_pb_column][\/et_pb_row][\/et_pb_section][et_pb_section fb_built=&#8220;1&#8243; admin_label=&#8220;About&#8220; _builder_version=&#8220;4.27.4&#8243; _module_preset=&#8220;default&#8220; background_color=&#8220;#023047&#8243; custom_padding=&#8220;16px||35px|||&#8220; collapsed=&#8220;on&#8220; global_colors_info=&#8220;{}&#8220;][et_pb_row _builder_version=&#8220;4.27.4&#8243; _module_preset=&#8220;_initial&#8220; width=&#8220;100%&#8220; max_width=&#8220;1062px&#8220; border_radii=&#8220;on|20px|20px|20px|20px&#8220; locked=&#8220;off&#8220; global_colors_info=&#8220;{}&#8220;][et_pb_column type=&#8220;4_4&#8243; _builder_version=&#8220;4.27.4&#8243; _module_preset=&#8220;_initial&#8220; global_colors_info=&#8220;{}&#8220;][et_pb_heading title=&#8220;\u0160ta Obuhvata Komunikacija sa Va\u0161im Dobavlja\u010dima\/Kupcima?&#8220; _builder_version=&#8220;4.27.4&#8243; _module_preset=&#8220;c33f07d9-41e0-421a-8799-5799df695cce&#8220; title_level=&#8220;h2&#8243; title_font=&#8220;IBM Plex Sans Condensed|IBM Plex Sans Condensed_weight|||||||&#8220; title_text_color=&#8220;#FFFFFF&#8220; title_font_size=&#8220;32px&#8220; title_line_height=&#8220;1.3em&#8220; background_color=&#8220;#023047&#8243; custom_margin=&#8220;||10px||false|false&#8220; title_font_size_tablet=&#8220;22px&#8220; title_font_size_phone=&#8220;17px&#8220; title_font_size_last_edited=&#8220;on|phone&#8220; locked=&#8220;off&#8220; global_colors_info=&#8220;{%22gcid-heading-color%22:%91%22title_text_color%22%93}&#8220;][\/et_pb_heading][et_pb_divider _builder_version=&#8220;4.27.4&#8243; _module_preset=&#8220;default&#8220; global_module=&#8220;447&#8243; global_colors_info=&#8220;{}&#8220;][\/et_pb_divider][\/et_pb_column][\/et_pb_row][et_pb_row column_structure=&#8220;1_3,1_3,1_3&#8243; _builder_version=&#8220;4.27.4&#8243; _module_preset=&#8220;default&#8220; global_colors_info=&#8220;{}&#8220;][et_pb_column type=&#8220;1_3&#8243; _builder_version=&#8220;4.27.4&#8243; _module_preset=&#8220;default&#8220; global_colors_info=&#8220;{}&#8220;][et_pb_blurb title=&#8220;Uskla\u0111ivanje IOS-a&#8220; use_icon=&#8220;on&#8220; font_icon=&#8220;&#xf53c;||fa||900&#8243; icon_placement=&#8220;left&#8220; _builder_version=&#8220;4.27.4&#8243; _module_preset=&#8220;203c76fc-aee0-4484-9be1-f0e2ebd81a8f&#8220; header_text_color=&#8220;#EDF000&#8243; header_font_size=&#8220;20px&#8220; background_layout=&#8220;dark&#8220; min_height=&#8220;53px&#8220; custom_padding=&#8220;0px||12px|||&#8220; locked=&#8220;off&#8220; global_colors_info=&#8220;{%22#3c3a47%22:%91%22body_text_color%22,%22body_text_color%22%93,%22#0e0c19%22:%91%22header_text_color%22,%22header_text_color%22%93,%22#219ebc%22:%91%22icon_color%22%93}&#8220;]<\/p>\n<ul>\n<li>Uskla\u0111ivanje izvoda otvorenih stavki<\/li>\n<li>Ispravke faktura<\/li>\n<li>Dostavljanje nedostaju\u0107ih faktura<\/li>\n<li>Uvozna dokumentacija<\/li>\n<p>[\/et_pb_blurb][\/et_pb_column][et_pb_column type=&#8220;1_3&#8243; _builder_version=&#8220;4.27.4&#8243; _module_preset=&#8220;default&#8220; global_colors_info=&#8220;{}&#8220;][et_pb_blurb title=&#8220;Zahtev za dostavljanje nedostaju\u0107e dokumentacije&#8220; use_icon=&#8220;on&#8220; font_icon=&#8220;&#xf53c;||fa||900&#8243; icon_placement=&#8220;left&#8220; _builder_version=&#8220;4.27.4&#8243; _module_preset=&#8220;203c76fc-aee0-4484-9be1-f0e2ebd81a8f&#8220; header_text_color=&#8220;#EDF000&#8243; header_font_size=&#8220;20px&#8220; background_layout=&#8220;dark&#8220; min_height=&#8220;53px&#8220; custom_padding=&#8220;0px||12px|||&#8220; hover_enabled=&#8220;0&#8243; locked=&#8220;off&#8220; global_colors_info=&#8220;{%22#3c3a47%22:%91%22body_text_color%22,%22body_text_color%22%93,%22#0e0c19%22:%91%22header_text_color%22,%22header_text_color%22%93,%22#219ebc%22:%91%22icon_color%22%93}&#8220; sticky_enabled=&#8220;0&#8243;]<\/p>\n<ul>\n<li>Faktura<\/li>\n<li>Specifikacija<\/li>\n<li>Gra\u0111evinskih knjiga<\/li>\n<li>Ugovora<\/li>\n<li>Ostala prate\u0107a dokumentacija<\/li>\n<\/ul>\n<p>[\/et_pb_blurb][\/et_pb_column][et_pb_column type=&#8220;1_3&#8243; _builder_version=&#8220;4.27.4&#8243; _module_preset=&#8220;default&#8220; global_colors_info=&#8220;{}&#8220;][et_pb_blurb title=&#8220;Ispravke faktura&#8220; use_icon=&#8220;on&#8220; font_icon=&#8220;&#xf53c;||fa||900&#8243; icon_placement=&#8220;left&#8220; _builder_version=&#8220;4.27.4&#8243; _module_preset=&#8220;203c76fc-aee0-4484-9be1-f0e2ebd81a8f&#8220; header_text_color=&#8220;#EDF000&#8243; header_font_size=&#8220;20px&#8220; background_layout=&#8220;dark&#8220; min_height=&#8220;53px&#8220; custom_padding=&#8220;0px||12px|||&#8220; hover_enabled=&#8220;0&#8243; locked=&#8220;off&#8220; global_colors_info=&#8220;{%22#3c3a47%22:%91%22body_text_color%22,%22body_text_color%22%93,%22#0e0c19%22:%91%22header_text_color%22,%22header_text_color%22%93,%22#219ebc%22:%91%22icon_color%22%93}&#8220; sticky_enabled=&#8220;0&#8243;]<\/p>\n<ul>\n<li>Ulaznih<\/li>\n<li>Izlaznih<\/li>\n<li>Smanjenja\/Pove\u0107anja osnovice<\/li>\n<li>Storna<\/li>\n<\/ul>\n<p>[\/et_pb_blurb][\/et_pb_column][\/et_pb_row][et_pb_row column_structure=&#8220;1_3,1_3,1_3&#8243; _builder_version=&#8220;4.27.4&#8243; _module_preset=&#8220;default&#8220; global_colors_info=&#8220;{}&#8220;][et_pb_column type=&#8220;1_3&#8243; _builder_version=&#8220;4.27.4&#8243; _module_preset=&#8220;default&#8220; global_colors_info=&#8220;{}&#8220;][et_pb_blurb title=&#8220;Uvozna dokumentacija&#8220; use_icon=&#8220;on&#8220; font_icon=&#8220;&#xf53c;||fa||900&#8243; icon_placement=&#8220;left&#8220; _builder_version=&#8220;4.27.4&#8243; _module_preset=&#8220;203c76fc-aee0-4484-9be1-f0e2ebd81a8f&#8220; header_text_color=&#8220;#EDF000&#8243; header_font_size=&#8220;20px&#8220; background_layout=&#8220;dark&#8220; min_height=&#8220;53px&#8220; custom_padding=&#8220;0px||12px|||&#8220; hover_enabled=&#8220;0&#8243; locked=&#8220;off&#8220; global_colors_info=&#8220;{%22#3c3a47%22:%91%22body_text_color%22,%22body_text_color%22%93,%22#0e0c19%22:%91%22header_text_color%22,%22header_text_color%22%93,%22#219ebc%22:%91%22icon_color%22%93}&#8220; sticky_enabled=&#8220;0&#8243;]<\/p>\n<ul>\n<li>JCI<\/li>\n<li>Fakture<\/li>\n<li>Ugovori<\/li>\n<li>Ostala prate\u0107a dokumentacija<\/li>\n<\/ul>\n<p>[\/et_pb_blurb][\/et_pb_column][et_pb_column type=&#8220;1_3&#8243; _builder_version=&#8220;4.27.4&#8243; _module_preset=&#8220;default&#8220; global_colors_info=&#8220;{}&#8220;][et_pb_blurb title=&#8220;Po\u0161tovanje finansijskih stavki ugovora&#8220; use_icon=&#8220;on&#8220; font_icon=&#8220;&#xf53c;||fa||900&#8243; icon_placement=&#8220;left&#8220; _builder_version=&#8220;4.27.4&#8243; _module_preset=&#8220;203c76fc-aee0-4484-9be1-f0e2ebd81a8f&#8220; header_text_color=&#8220;#EDF000&#8243; header_font_size=&#8220;20px&#8220; background_layout=&#8220;dark&#8220; min_height=&#8220;53px&#8220; custom_padding=&#8220;0px||12px|||&#8220; hover_enabled=&#8220;0&#8243; locked=&#8220;off&#8220; global_colors_info=&#8220;{%22#3c3a47%22:%91%22body_text_color%22,%22body_text_color%22%93,%22#0e0c19%22:%91%22header_text_color%22,%22header_text_color%22%93,%22#219ebc%22:%91%22icon_color%22%93}&#8220; sticky_enabled=&#8220;0&#8243;]<\/p>\n<ul>\n<li>Provera ugovora<\/li>\n<li>Upore\u0111ivanje fakturisanog, realizovanog, ugovorenog<\/li>\n<\/ul>\n<p>[\/et_pb_blurb][\/et_pb_column][et_pb_column type=&#8220;1_3&#8243; _builder_version=&#8220;4.27.4&#8243; _module_preset=&#8220;default&#8220; global_colors_info=&#8220;{}&#8220;][et_pb_blurb title=&#8220;Ostalo po Va\u0161em zahtevu&#8220; use_icon=&#8220;on&#8220; font_icon=&#8220;&#xf53c;||fa||900&#8243; icon_placement=&#8220;left&#8220; _builder_version=&#8220;4.27.4&#8243; _module_preset=&#8220;203c76fc-aee0-4484-9be1-f0e2ebd81a8f&#8220; header_text_color=&#8220;#EDF000&#8243; header_font_size=&#8220;20px&#8220; background_layout=&#8220;dark&#8220; min_height=&#8220;53px&#8220; custom_padding=&#8220;0px||12px|||&#8220; hover_enabled=&#8220;0&#8243; locked=&#8220;off&#8220; global_colors_info=&#8220;{%22#3c3a47%22:%91%22body_text_color%22,%22body_text_color%22%93,%22#0e0c19%22:%91%22header_text_color%22,%22header_text_color%22%93,%22#219ebc%22:%91%22icon_color%22%93}&#8220; sticky_enabled=&#8220;0&#8243;]<\/p>\n<ul>\n<\/ul>\n<p>[\/et_pb_blurb][\/et_pb_column][\/et_pb_row][\/et_pb_section][et_pb_section fb_built=&#8220;1&#8243; admin_label=&#8220;Features&#8220; _builder_version=&#8220;4.27.4&#8243; _module_preset=&#8220;f46dce9e-ece6-431a-b0ef-4be235f55264&#8243; background_color=&#8220;#023047&#8243; min_height=&#8220;1049.3px&#8220; custom_margin=&#8220;||-604px|||&#8220; locked=&#8220;off&#8220; collapsed=&#8220;on&#8220; global_colors_info=&#8220;{}&#8220;][et_pb_row _builder_version=&#8220;4.27.4&#8243; _module_preset=&#8220;_initial&#8220; background_color=&#8220;#023047&#8243; locked=&#8220;off&#8220; global_colors_info=&#8220;{}&#8220;][et_pb_column type=&#8220;4_4&#8243; _builder_version=&#8220;4.27.4&#8243; _module_preset=&#8220;_initial&#8220; background_color=&#8220;#043B84&#8243; global_colors_info=&#8220;{}&#8220;][et_pb_heading title=&#8220;Klju\u010dne Karakteristike&#8220; _builder_version=&#8220;4.27.4&#8243; _module_preset=&#8220;c33f07d9-41e0-421a-8799-5799df695cce&#8220; title_level=&#8220;h2&#8243; title_font=&#8220;&#8211;et_global_heading_font|&#8211;et_global_heading_font_weight|||||||&#8220; title_text_color=&#8220;#FFFFFF&#8220; title_font_size=&#8220;50px&#8220; title_line_height=&#8220;1.2em&#8220; background_color=&#8220;#023047&#8243; custom_margin=&#8220;||10px||false|false&#8220; title_font_size_tablet=&#8220;28px&#8220; title_font_size_phone=&#8220;20px&#8220; title_font_size_last_edited=&#8220;on|phone&#8220; locked=&#8220;off&#8220; global_colors_info=&#8220;{}&#8220;][\/et_pb_heading][et_pb_divider divider_weight=&#8220;14px&#8220; _builder_version=&#8220;4.27.4&#8243; _module_preset=&#8220;default&#8220; custom_margin=&#8220;-28px||||false|false&#8220; locked=&#8220;off&#8220; global_colors_info=&#8220;{}&#8220;][\/et_pb_divider][\/et_pb_column][\/et_pb_row][et_pb_row column_structure=&#8220;1_3,1_3,1_3&#8243; _builder_version=&#8220;4.27.4&#8243; _module_preset=&#8220;default&#8220; global_colors_info=&#8220;{}&#8220;][et_pb_column type=&#8220;1_3&#8243; _builder_version=&#8220;4.27.4&#8243; _module_preset=&#8220;default&#8220; global_colors_info=&#8220;{}&#8220;][et_pb_blurb title=&#8220;Dvojezi\u010dno Izve\u0161tavanje&#8220; use_icon=&#8220;on&#8220; font_icon=&#8220;&#xf7a2;||fa||900&#8243; icon_placement=&#8220;left&#8220; _builder_version=&#8220;4.27.4&#8243; _module_preset=&#8220;203c76fc-aee0-4484-9be1-f0e2ebd81a8f&#8220; header_text_color=&#8220;#EDF000&#8243; header_font_size=&#8220;20px&#8220; background_layout=&#8220;dark&#8220; min_height=&#8220;195px&#8220; custom_padding=&#8220;||12px|||&#8220; locked=&#8220;off&#8220; global_colors_info=&#8220;{%22gcid-36fd78a7-34bc-404d-873c-dafa34efaae5%22:%91%22image_icon_background_color%22%93,%22gcid-body-color%22:%91%22body_text_color%22%93,%22gcid-primary-color%22:%91%22body_link_text_color%22%93}&#8220;]<\/p>\n<p>Na\u0161i izve\u0161taji su dostupni na vi\u0161e jezika, omogu\u0107avaju\u0107i vam da lako pratite poslovanje bez jezi\u010dkih barijera.<\/p>\n<p>[\/et_pb_blurb][\/et_pb_column][et_pb_column type=&#8220;1_3&#8243; _builder_version=&#8220;4.27.4&#8243; _module_preset=&#8220;default&#8220; global_colors_info=&#8220;{}&#8220;][et_pb_blurb title=&#8220;Optimizovani Procesi&#8220; use_icon=&#8220;on&#8220; font_icon=&#8220;&#xf085;||fa||900&#8243; icon_placement=&#8220;left&#8220; _builder_version=&#8220;4.27.4&#8243; _module_preset=&#8220;203c76fc-aee0-4484-9be1-f0e2ebd81a8f&#8220; header_text_color=&#8220;#EDF000&#8243; header_font_size=&#8220;20px&#8220; background_layout=&#8220;dark&#8220; min_height=&#8220;195px&#8220; custom_padding=&#8220;||12px|||&#8220; locked=&#8220;off&#8220; global_colors_info=&#8220;{%22gcid-36fd78a7-34bc-404d-873c-dafa34efaae5%22:%91%22image_icon_background_color%22,%22image_icon_background_color%22%93,%22gcid-body-color%22:%91%22body_text_color%22,%22body_text_color%22%93,%22gcid-primary-color%22:%91%22body_link_text_color%22,%22body_link_text_color%22%93,%22gcid-heading-color%22:%91%22header_text_color%22%93,%22gcid-f2943306-fa6c-45f0-b632-5fc00151366a%22:%91%22icon_color%22,%22icon_color%22%93}&#8220;]<\/p>\n<p>Bez obzira na obim posla, na\u0161i procesi su dizajnirani da obezbede ta\u010dnost i efikasnost u svakom koraku.<\/p>\n<p>[\/et_pb_blurb][\/et_pb_column][et_pb_column type=&#8220;1_3&#8243; _builder_version=&#8220;4.27.4&#8243; _module_preset=&#8220;default&#8220; global_colors_info=&#8220;{}&#8220;][et_pb_blurb title=&#8220;Fleksibilna Integracija&#8220; use_icon=&#8220;on&#8220; font_icon=&#8220;&#xf35d;||fa||900&#8243; icon_placement=&#8220;left&#8220; _builder_version=&#8220;4.27.4&#8243; _module_preset=&#8220;203c76fc-aee0-4484-9be1-f0e2ebd81a8f&#8220; header_text_color=&#8220;#EDF000&#8243; header_font_size=&#8220;20px&#8220; background_layout=&#8220;dark&#8220; min_height=&#8220;195px&#8220; custom_padding=&#8220;||12px|||&#8220; locked=&#8220;off&#8220; global_colors_info=&#8220;{%22gcid-36fd78a7-34bc-404d-873c-dafa34efaae5%22:%91%22image_icon_background_color%22,%22image_icon_background_color%22%93,%22gcid-body-color%22:%91%22body_text_color%22,%22body_text_color%22%93,%22gcid-primary-color%22:%91%22body_link_text_color%22,%22body_link_text_color%22%93,%22gcid-heading-color%22:%91%22header_text_color%22%93,%22gcid-f2943306-fa6c-45f0-b632-5fc00151366a%22:%91%22icon_color%22,%22icon_color%22%93}&#8220;]<\/p>\n<p>Radimo u na\u0161em softveru ili se povezujemo sa va\u0161im ERP sistemom kako bismo osigurali besprekornu integraciju.<\/p>\n<p>[\/et_pb_blurb][\/et_pb_column][\/et_pb_row][et_pb_row column_structure=&#8220;1_3,1_3,1_3&#8243; _builder_version=&#8220;4.27.4&#8243; _module_preset=&#8220;default&#8220; global_colors_info=&#8220;{}&#8220;][et_pb_column type=&#8220;1_3&#8243; _builder_version=&#8220;4.27.4&#8243; _module_preset=&#8220;default&#8220; global_colors_info=&#8220;{}&#8220;][et_pb_blurb title=&#8220;Knji\u017eenje po mestu tro\u0161ka&#8220; use_icon=&#8220;on&#8220; font_icon=&#8220;&#xf75d;||fa||400&#8243; icon_placement=&#8220;left&#8220; _builder_version=&#8220;4.27.4&#8243; _module_preset=&#8220;203c76fc-aee0-4484-9be1-f0e2ebd81a8f&#8220; header_text_color=&#8220;#EDF000&#8243; header_font_size=&#8220;20px&#8220; background_layout=&#8220;dark&#8220; min_height=&#8220;195px&#8220; custom_padding=&#8220;||12px|||&#8220; locked=&#8220;off&#8220; global_colors_info=&#8220;{%22gcid-36fd78a7-34bc-404d-873c-dafa34efaae5%22:%91%22image_icon_background_color%22%93,%22gcid-body-color%22:%91%22body_text_color%22%93,%22gcid-primary-color%22:%91%22body_link_text_color%22%93}&#8220;]<\/p>\n<p>Sve poslovne promene evidentiramo po mestima tro\u0161ka, u skladu sa va\u0161im listama.<\/p>\n<p>[\/et_pb_blurb][\/et_pb_column][et_pb_column type=&#8220;1_3&#8243; _builder_version=&#8220;4.27.4&#8243; _module_preset=&#8220;default&#8220; global_colors_info=&#8220;{}&#8220;][et_pb_blurb title=&#8220;A\u017eurnost&#8220; use_icon=&#8220;on&#8220; font_icon=&#8220;&#xe02a;||divi||400&#8243; icon_placement=&#8220;left&#8220; _builder_version=&#8220;4.27.4&#8243; _module_preset=&#8220;203c76fc-aee0-4484-9be1-f0e2ebd81a8f&#8220; header_text_color=&#8220;#EDF000&#8243; header_font_size=&#8220;20px&#8220; background_layout=&#8220;dark&#8220; min_height=&#8220;195px&#8220; custom_padding=&#8220;||12px|||&#8220; locked=&#8220;off&#8220; global_colors_info=&#8220;{%22gcid-36fd78a7-34bc-404d-873c-dafa34efaae5%22:%91%22image_icon_background_color%22,%22image_icon_background_color%22%93,%22gcid-body-color%22:%91%22body_text_color%22,%22body_text_color%22%93,%22gcid-primary-color%22:%91%22body_link_text_color%22,%22body_link_text_color%22%93,%22gcid-heading-color%22:%91%22header_text_color%22%93,%22gcid-f2943306-fa6c-45f0-b632-5fc00151366a%22:%91%22icon_color%22,%22icon_color%22%93}&#8220;]<\/p>\n<p>Maksimalna, dnevna a\u017eurnost kni\u017eenja poslovnih promena.<\/p>\n<p>[\/et_pb_blurb][\/et_pb_column][et_pb_column type=&#8220;1_3&#8243; _builder_version=&#8220;4.27.4&#8243; _module_preset=&#8220;default&#8220; global_colors_info=&#8220;{}&#8220;][et_pb_blurb title=&#8220;Prilago\u0111avanje Va\u0161im Politikama&#8220; use_icon=&#8220;on&#8220; font_icon=&#8220;&#xf1de;||fa||900&#8243; icon_placement=&#8220;left&#8220; _builder_version=&#8220;4.27.4&#8243; _module_preset=&#8220;203c76fc-aee0-4484-9be1-f0e2ebd81a8f&#8220; header_text_color=&#8220;#EDF000&#8243; header_font_size=&#8220;20px&#8220; background_layout=&#8220;dark&#8220; min_height=&#8220;195px&#8220; custom_padding=&#8220;||12px|||&#8220; locked=&#8220;off&#8220; global_colors_info=&#8220;{%22gcid-36fd78a7-34bc-404d-873c-dafa34efaae5%22:%91%22image_icon_background_color%22,%22image_icon_background_color%22%93,%22gcid-body-color%22:%91%22body_text_color%22,%22body_text_color%22%93,%22gcid-primary-color%22:%91%22body_link_text_color%22,%22body_link_text_color%22%93,%22gcid-heading-color%22:%91%22header_text_color%22%93,%22gcid-f2943306-fa6c-45f0-b632-5fc00151366a%22:%91%22icon_color%22,%22icon_color%22%93}&#8220;]<\/p>\n<p>Knji\u017eenja po lokalnim standardima transformi\u0161emo i uskla\u0111ujemo sa Grupnim (IFRS) zahtevima, obezbe\u0111uju\u0107i konzistentnost i preciznost konsolidovanih izve\u0161taja.<\/p>\n<p>[\/et_pb_blurb][\/et_pb_column][\/et_pb_row][et_pb_row _builder_version=&#8220;4.27.4&#8243; _module_preset=&#8220;default&#8220; global_colors_info=&#8220;{}&#8220;][et_pb_column type=&#8220;4_4&#8243; _builder_version=&#8220;4.27.4&#8243; _module_preset=&#8220;default&#8220; global_colors_info=&#8220;{}&#8220;][et_pb_button button_url=&#8220;https:\/\/vrbtim.com\/knjigovodstvo-racunovodstvo-i-mesecno-izvestavanje\/&#8220; button_text=&#8220;Povratak na Uslugu&#8220; button_alignment=&#8220;right&#8220; _builder_version=&#8220;4.27.4&#8243; _module_preset=&#8220;default&#8220; locked=&#8220;off&#8220; global_colors_info=&#8220;{}&#8220;][\/et_pb_button][\/et_pb_column][\/et_pb_row][et_pb_row _builder_version=&#8220;4.27.4&#8243; _module_preset=&#8220;default&#8220; global_colors_info=&#8220;{}&#8220;][et_pb_column type=&#8220;4_4&#8243; _builder_version=&#8220;4.27.4&#8243; _module_preset=&#8220;default&#8220; global_colors_info=&#8220;{}&#8220;][et_pb_divider _builder_version=&#8220;4.27.4&#8243; _module_preset=&#8220;default&#8220; global_colors_info=&#8220;{}&#8220;][\/et_pb_divider][\/et_pb_column][\/et_pb_row][\/et_pb_section][et_pb_section fb_built=&#8220;1&#8243; admin_label=&#8220;Call to Action&#8220; _builder_version=&#8220;4.27.4&#8243; _module_preset=&#8220;f46dce9e-ece6-431a-b0ef-4be235f55264&#8243; background_color=&#8220;#023047&#8243; background_enable_image=&#8220;off&#8220; width=&#8220;100%&#8220; min_height=&#8220;280.7px&#8220; custom_padding=&#8220;5vw||5vw||true|false&#8220; locked=&#8220;off&#8220; collapsed=&#8220;on&#8220; global_colors_info=&#8220;{%22gcid-36fd78a7-34bc-404d-873c-dafa34efaae5%22:%91%22background_color%22%93}&#8220;][et_pb_row _builder_version=&#8220;4.27.4&#8243; _module_preset=&#8220;_initial&#8220; background_color=&#8220;#023047&#8243; custom_margin=&#8220;-45px||-85px||false|false&#8220; global_colors_info=&#8220;{}&#8220;][et_pb_column type=&#8220;4_4&#8243; _builder_version=&#8220;4.27.4&#8243; _module_preset=&#8220;_initial&#8220; background_color=&#8220;#023047&#8243; global_colors_info=&#8220;{}&#8220;][et_pb_cta title=&#8220;Kontaktirajte Nas Danas&#8220; button_url=&#8220;https:\/\/406.digizajednica.com\/kontakt\/&#8220; button_text=&#8220;Kontaktirajte nas&#8220; _builder_version=&#8220;4.27.4&#8243; _module_preset=&#8220;0cae81ab-7223-4b50-8e71-bfb309c58c86&#8243; header_font=&#8220;IBM Plex Sans Condensed|IBM Plex Sans Condensed_weight|||||||&#8220; header_text_align=&#8220;center&#8220; header_text_color=&#8220;#FFFFFF&#8220; body_font=&#8220;IBM Plex Sans|IBM Plex Sans_weight|||||||&#8220; body_text_align=&#8220;center&#8220; body_text_color=&#8220;#FFFFFF&#8220; background_color=&#8220;#023047&#8243; button_icon_placement=&#8220;left&#8220; button_alignment=&#8220;center&#8220; min_height=&#8220;245.8px&#8220; link_option_url=&#8220;https:\/\/406.digizajednica.com\/kontakt\/&#8220; locked=&#8220;off&#8220; global_colors_info=&#8220;{%22gcid-828accbb-1ed2-407d-95be-20ab4e191566%22:%91%22border_color_all%22,%22border_color_all%22,%22border_color_all%22,%22border_color_all%22%93,%22gcid-heading-color%22:%91%22header_text_color%22,%22header_text_color%22%93,%22gcid-body-color%22:%91%22body_text_color%22%93,%22gcid-f2943306-fa6c-45f0-b632-5fc00151366a%22:%91%22button_text_color%22,%22button_text_color%22%93,%22gcid-36fd78a7-34bc-404d-873c-dafa34efaae5%22:%91%22button_text_color%22,%22button_text_color%22,%22button_text_color%22%93}&#8220; text_font_size_tablet=&#8220;16px&#8220; text_font_size_phone=&#8220;14px&#8220; text_font_size_last_edited=&#8220;on|phone&#8220;]<\/p>\n<p>\u017delite li da unapredite va\u0161e knjigovodstvene i ra\u010dunovodstvene procese?<\/p>\n<p>Kontaktirajte nas i olak\u0161ajte va\u0161 rad.<\/p>\n<p>[\/et_pb_cta][\/et_pb_column][\/et_pb_row][\/et_pb_section]<\/p>\n","protected":false},"excerpt":{"rendered":"<p>Uskla\u0111ivanje izvoda otvorenih stavki Ispravke faktura Dostavljanje nedostaju\u0107ih faktura Uvozna dokumentacija Faktura Specifikacija Gra\u0111evinskih knjiga Ugovora Ostala prate\u0107a dokumentacija Ulaznih Izlaznih Smanjenja\/Pove\u0107anja osnovice Storna JCI Fakture Ugovori Ostala prate\u0107a dokumentacija Provera ugovora Upore\u0111ivanje fakturisanog, realizovanog, ugovorenog Na\u0161i izve\u0161taji su dostupni na vi\u0161e jezika, omogu\u0107avaju\u0107i vam da lako pratite poslovanje bez jezi\u010dkih barijera.Bez obzira na obim [&hellip;]<\/p>\n","protected":false},"author":1,"featured_media":0,"parent":0,"menu_order":0,"comment_status":"closed","ping_status":"closed","template":"","meta":{"_et_pb_use_builder":"on","_et_pb_old_content":"","_et_gb_content_width":"","_uag_custom_page_level_css":"","footnotes":""},"class_list":["post-905","page","type-page","status-publish","hentry"],"uagb_featured_image_src":{"full":false,"thumbnail":false,"medium":false,"medium_large":false,"large":false,"1536x1536":false,"2048x2048":false,"trp-custom-language-flag":false,"et-pb-post-main-image":false,"et-pb-post-main-image-fullwidth":false,"et-pb-portfolio-image":false,"et-pb-portfolio-module-image":false,"et-pb-portfolio-image-single":false,"et-pb-gallery-module-image-portrait":false,"et-pb-post-main-image-fullwidth-large":false,"et-pb-image--responsive--desktop":false,"et-pb-image--responsive--tablet":false,"et-pb-image--responsive--phone":false},"uagb_author_info":{"display_name":"Branka Cupic","author_link":"https:\/\/vrbtim.com\/it\/author\/brcupic\/"},"uagb_comment_info":0,"uagb_excerpt":"Uskla\u0111ivanje izvoda otvorenih stavki Ispravke faktura Dostavljanje nedostaju\u0107ih faktura Uvozna dokumentacija Faktura Specifikacija Gra\u0111evinskih knjiga Ugovora Ostala prate\u0107a dokumentacija Ulaznih Izlaznih Smanjenja\/Pove\u0107anja osnovice Storna JCI Fakture Ugovori Ostala prate\u0107a dokumentacija Provera ugovora Upore\u0111ivanje fakturisanog, realizovanog, ugovorenog Na\u0161i izve\u0161taji su dostupni na vi\u0161e jezika, omogu\u0107avaju\u0107i vam da lako pratite poslovanje bez jezi\u010dkih barijera.Bez obzira na obim&hellip;","_links":{"self":[{"href":"https:\/\/vrbtim.com\/it\/wp-json\/wp\/v2\/pages\/905","targetHints":{"allow":["GET"]}}],"collection":[{"href":"https:\/\/vrbtim.com\/it\/wp-json\/wp\/v2\/pages"}],"about":[{"href":"https:\/\/vrbtim.com\/it\/wp-json\/wp\/v2\/types\/page"}],"author":[{"embeddable":true,"href":"https:\/\/vrbtim.com\/it\/wp-json\/wp\/v2\/users\/1"}],"replies":[{"embeddable":true,"href":"https:\/\/vrbtim.com\/it\/wp-json\/wp\/v2\/comments?post=905"}],"version-history":[{"count":4,"href":"https:\/\/vrbtim.com\/it\/wp-json\/wp\/v2\/pages\/905\/revisions"}],"predecessor-version":[{"id":1201,"href":"https:\/\/vrbtim.com\/it\/wp-json\/wp\/v2\/pages\/905\/revisions\/1201"}],"wp:attachment":[{"href":"https:\/\/vrbtim.com\/it\/wp-json\/wp\/v2\/media?parent=905"}],"curies":[{"name":"wp","href":"https:\/\/api.w.org\/{rel}","templated":true}]}}